{"id":9,"date":"2019-05-27T17:13:56","date_gmt":"2019-05-27T20:13:56","guid":{"rendered":"https:\/\/interfruit.com.br\/?page_id=9"},"modified":"2024-03-20T15:25:25","modified_gmt":"2024-03-20T18:25:25","slug":"empresa","status":"publish","type":"page","link":"https:\/\/interfruit.com.br\/es\/empresa\/","title":{"rendered":"Compa\u00f1ia"},"content":{"rendered":"<p>La Interfruit fue creada en 1996 por la familia Caldara, en la ciudad de Linhares &#8211; ubicada en el norte de Espirito Santo &#8211; con foco en la producci\u00f3n de papaya. En poco tiempo de funcionamiento, su preocupaci\u00f3n por la calidad de la fruta, los procesos de gesti\u00f3n y las refinadas t\u00e9cnicas de producci\u00f3n y manipulaci\u00f3n produjeron resultados expresivos con la conquista del mercado nacional.<\/p>\n<p>Durante estos m\u00e1s de 25 a\u00f1os de historia, ha producido y distribuido papaya para todo Brasil y varios pa\u00edses, respetando las normas internacionales y atendiendo a los altos est\u00e1ndares de demanda de mercados como Europa, Am\u00e9rica del Norte y del Sur y Oriente Medio.<\/p>\n<p>Las exportaciones comenzaron en 1999, con env\u00edos mensuales que alcanzaron las 20 toneladas de papaya y llegaron a cuatro pa\u00edses europeos en este primer a\u00f1o. El cuidado de los m\u00e9todos de producci\u00f3n y la atenci\u00f3n a las exigencias del mercado, que siempre han estado presentes en la empresa, pronto permitieron la apertura de nuevos mercados.<\/p>\n<p>En 2002, se inaugur\u00f3 la nueva sede, al margen de la BR 101 -una importante v\u00eda para el flujo de productos- y con 18 mil metros cuadrados, espacio suficiente para atender la demanda y permitir el crecimiento deseado por los socios. En 2012, se iniciaron las inversiones en la regi\u00f3n de Bara\u00fana, en el estado de Rio Grande del Norte, para la producci\u00f3n y el envasado de la variedad Formosa.<\/p>","protected":false},"excerpt":{"rendered":"<p>La Interfruit fue creada en 1996 por la familia Caldara, en la ciudad de Linhares &#8211; ubicada en el norte de Espirito Santo &#8211; con foco en la producci\u00f3n de papaya. En poco tiempo de funcionamiento, su preocupaci\u00f3n por la calidad de la fruta, los procesos de gesti\u00f3n y las refinadas t\u00e9cnicas de producci\u00f3n y [&hellip;]<\/p>\n","protected":false},"author":1,"featured_media":0,"parent":0,"menu_order":1,"comment_status":"closed","ping_status":"closed","template":"","meta":{"footnotes":""},"class_list":["post-9","page","type-page","status-publish","hentry"],"yoast_head":"<!-- This site is optimized with the Yoast SEO plugin v24.8.1 - https:\/\/yoast.com\/wordpress\/plugins\/seo\/ -->\n<title>Hist\u00f3ria da empresa de exporta\u00e7\u00e3o - Interfruit<\/title>\n<meta name=\"description\" content=\"Com mais de 20 anos de hist\u00f3ria, a Interfruit \u00e9 uma empresa exportadora que distribui mam\u00e3o papaia para todo o Brasil e para diversos pa\u00edses ao redor do mundo.\" \/>\n<meta name=\"robots\" content=\"index, follow, max-snippet:-1, max-image-preview:large, max-video-preview:-1\" \/>\n<link rel=\"canonical\" href=\"https:\/\/interfruit.com.br\/empresa\/\" \/>\n<meta property=\"og:locale\" content=\"es_ES\" \/>\n<meta property=\"og:type\" content=\"article\" \/>\n<meta property=\"og:title\" content=\"Hist\u00f3ria da empresa de exporta\u00e7\u00e3o - Interfruit\" \/>\n<meta property=\"og:description\" content=\"Com mais de 20 anos de hist\u00f3ria, a Interfruit \u00e9 uma empresa exportadora que distribui mam\u00e3o papaia para todo o Brasil e para diversos pa\u00edses ao redor do mundo.\" \/>\n<meta property=\"og:url\" content=\"https:\/\/interfruit.com.br\/empresa\/\" \/>\n<meta property=\"og:site_name\" content=\"Interfruit\" \/>\n<meta property=\"article:modified_time\" content=\"2024-03-20T18:25:25+00:00\" \/>\n<meta name=\"twitter:card\" content=\"summary_large_image\" \/>\n<meta name=\"twitter:label1\" content=\"Tiempo de lectura\" \/>\n\t<meta name=\"twitter:data1\" content=\"2 minutos\" \/>\n<script type=\"application\/ld+json\" class=\"yoast-schema-graph\">{\"@context\":\"https:\/\/schema.org\",\"@graph\":[{\"@type\":\"WebPage\",\"@id\":\"https:\/\/interfruit.com.br\/empresa\/\",\"url\":\"https:\/\/interfruit.com.br\/empresa\/\",\"name\":\"Hist\u00f3ria da empresa de exporta\u00e7\u00e3o - Interfruit\",\"isPartOf\":{\"@id\":\"http:\/\/interfruit.com.br\/#website\"},\"datePublished\":\"2019-05-27T20:13:56+00:00\",\"dateModified\":\"2024-03-20T18:25:25+00:00\",\"description\":\"Com mais de 20 anos de hist\u00f3ria, a Interfruit \u00e9 uma empresa exportadora que distribui mam\u00e3o papaia para todo o Brasil e para diversos pa\u00edses ao redor do mundo.\",\"breadcrumb\":{\"@id\":\"https:\/\/interfruit.com.br\/empresa\/#breadcrumb\"},\"inLanguage\":\"es\",\"potentialAction\":[{\"@type\":\"ReadAction\",\"target\":[\"https:\/\/interfruit.com.br\/empresa\/\"]}]},{\"@type\":\"BreadcrumbList\",\"@id\":\"https:\/\/interfruit.com.br\/empresa\/#breadcrumb\",\"itemListElement\":[{\"@type\":\"ListItem\",\"position\":1,\"name\":\"In\u00edcio\",\"item\":\"https:\/\/interfruit.com.br\/\"},{\"@type\":\"ListItem\",\"position\":2,\"name\":\"Empresa\"}]},{\"@type\":\"WebSite\",\"@id\":\"http:\/\/interfruit.com.br\/#website\",\"url\":\"http:\/\/interfruit.com.br\/\",\"name\":\"Interfruit\",\"description\":\"Papaya specialist\",\"publisher\":{\"@id\":\"http:\/\/interfruit.com.br\/#organization\"},\"potentialAction\":[{\"@type\":\"SearchAction\",\"target\":{\"@type\":\"EntryPoint\",\"urlTemplate\":\"http:\/\/interfruit.com.br\/?s={search_term_string}\"},\"query-input\":{\"@type\":\"PropertyValueSpecification\",\"valueRequired\":true,\"valueName\":\"search_term_string\"}}],\"inLanguage\":\"es\"},{\"@type\":\"Organization\",\"@id\":\"http:\/\/interfruit.com.br\/#organization\",\"name\":\"Interfruit\",\"url\":\"http:\/\/interfruit.com.br\/\",\"logo\":{\"@type\":\"ImageObject\",\"inLanguage\":\"es\",\"@id\":\"http:\/\/interfruit.com.br\/#\/schema\/logo\/image\/\",\"url\":\"https:\/\/interfruit.com.br\/wp-content\/uploads\/2019\/05\/logo-interfruit.png\",\"contentUrl\":\"https:\/\/interfruit.com.br\/wp-content\/uploads\/2019\/05\/logo-interfruit.png\",\"width\":264,\"height\":72,\"caption\":\"Interfruit\"},\"image\":{\"@id\":\"http:\/\/interfruit.com.br\/#\/schema\/logo\/image\/\"}}]}<\/script>\n<!-- \/ Yoast SEO plugin. -->","yoast_head_json":{"title":"Hist\u00f3ria da empresa de exporta\u00e7\u00e3o - Interfruit","description":"Com mais de 20 anos de hist\u00f3ria, a Interfruit \u00e9 uma empresa exportadora que distribui mam\u00e3o papaia para todo o Brasil e para diversos pa\u00edses ao redor do mundo.","robots":{"index":"index","follow":"follow","max-snippet":"max-snippet:-1","max-image-preview":"max-image-preview:large","max-video-preview":"max-video-preview:-1"},"canonical":"https:\/\/interfruit.com.br\/empresa\/","og_locale":"es_ES","og_type":"article","og_title":"Hist\u00f3ria da empresa de exporta\u00e7\u00e3o - Interfruit","og_description":"Com mais de 20 anos de hist\u00f3ria, a Interfruit \u00e9 uma empresa exportadora que distribui mam\u00e3o papaia para todo o Brasil e para diversos pa\u00edses ao redor do mundo.","og_url":"https:\/\/interfruit.com.br\/empresa\/","og_site_name":"Interfruit","article_modified_time":"2024-03-20T18:25:25+00:00","twitter_card":"summary_large_image","twitter_misc":{"Tiempo de lectura":"2 minutos"},"schema":{"@context":"https:\/\/schema.org","@graph":[{"@type":"WebPage","@id":"https:\/\/interfruit.com.br\/empresa\/","url":"https:\/\/interfruit.com.br\/empresa\/","name":"Hist\u00f3ria da empresa de exporta\u00e7\u00e3o - Interfruit","isPartOf":{"@id":"http:\/\/interfruit.com.br\/#website"},"datePublished":"2019-05-27T20:13:56+00:00","dateModified":"2024-03-20T18:25:25+00:00","description":"Com mais de 20 anos de hist\u00f3ria, a Interfruit \u00e9 uma empresa exportadora que distribui mam\u00e3o papaia para todo o Brasil e para diversos pa\u00edses ao redor do mundo.","breadcrumb":{"@id":"https:\/\/interfruit.com.br\/empresa\/#breadcrumb"},"inLanguage":"es","potentialAction":[{"@type":"ReadAction","target":["https:\/\/interfruit.com.br\/empresa\/"]}]},{"@type":"BreadcrumbList","@id":"https:\/\/interfruit.com.br\/empresa\/#breadcrumb","itemListElement":[{"@type":"ListItem","position":1,"name":"In\u00edcio","item":"https:\/\/interfruit.com.br\/"},{"@type":"ListItem","position":2,"name":"Empresa"}]},{"@type":"WebSite","@id":"http:\/\/interfruit.com.br\/#website","url":"http:\/\/interfruit.com.br\/","name":"Interfruit","description":"Papaya specialist","publisher":{"@id":"http:\/\/interfruit.com.br\/#organization"},"potentialAction":[{"@type":"SearchAction","target":{"@type":"EntryPoint","urlTemplate":"http:\/\/interfruit.com.br\/?s={search_term_string}"},"query-input":{"@type":"PropertyValueSpecification","valueRequired":true,"valueName":"search_term_string"}}],"inLanguage":"es"},{"@type":"Organization","@id":"http:\/\/interfruit.com.br\/#organization","name":"Interfruit","url":"http:\/\/interfruit.com.br\/","logo":{"@type":"ImageObject","inLanguage":"es","@id":"http:\/\/interfruit.com.br\/#\/schema\/logo\/image\/","url":"https:\/\/interfruit.com.br\/wp-content\/uploads\/2019\/05\/logo-interfruit.png","contentUrl":"https:\/\/interfruit.com.br\/wp-content\/uploads\/2019\/05\/logo-interfruit.png","width":264,"height":72,"caption":"Interfruit"},"image":{"@id":"http:\/\/interfruit.com.br\/#\/schema\/logo\/image\/"}}]}},"_links":{"self":[{"href":"https:\/\/interfruit.com.br\/es\/wp-json\/wp\/v2\/pages\/9","targetHints":{"allow":["GET"]}}],"collection":[{"href":"https:\/\/interfruit.com.br\/es\/wp-json\/wp\/v2\/pages"}],"about":[{"href":"https:\/\/interfruit.com.br\/es\/wp-json\/wp\/v2\/types\/page"}],"author":[{"embeddable":true,"href":"https:\/\/interfruit.com.br\/es\/wp-json\/wp\/v2\/users\/1"}],"replies":[{"embeddable":true,"href":"https:\/\/interfruit.com.br\/es\/wp-json\/wp\/v2\/comments?post=9"}],"version-history":[{"count":1,"href":"https:\/\/interfruit.com.br\/es\/wp-json\/wp\/v2\/pages\/9\/revisions"}],"predecessor-version":[{"id":856,"href":"https:\/\/interfruit.com.br\/es\/wp-json\/wp\/v2\/pages\/9\/revisions\/856"}],"wp:attachment":[{"href":"https:\/\/interfruit.com.br\/es\/wp-json\/wp\/v2\/media?parent=9"}],"curies":[{"name":"wp","href":"https:\/\/api.w.org\/{rel}","templated":true}]}}