{"id":51,"date":"2019-06-03T15:46:20","date_gmt":"2019-06-03T18:46:20","guid":{"rendered":"https:\/\/interfruit.com.br\/?page_id=51"},"modified":"2024-09-17T14:17:28","modified_gmt":"2024-09-17T17:17:28","slug":"importar-mamao","status":"publish","type":"page","link":"https:\/\/interfruit.com.br\/es\/contato\/importar-mamao\/","title":{"rendered":"Quiero recibir la papaya brasile\u00f1a"},"content":{"rendered":"<!-- wp:paragraph -->\r\n<p>\u00bfQuiere que Interfruit sea su proveedor de papaya? Rellene el siguiente formulario y nuestro equipo se pondr\u00e1 en contacto con usted.<\/p>\r\n<!-- \/wp:paragraph -->","protected":false},"excerpt":{"rendered":"<p>Quero receber o mam\u00e3o brasileiro<\/p>\n","protected":false},"author":1,"featured_media":63,"parent":19,"menu_order":3,"comment_status":"closed","ping_status":"closed","template":"page-contatos.php","meta":{"footnotes":""},"class_list":["post-51","page","type-page","status-publish","has-post-thumbnail","hentry"],"yoast_head":"<!-- This site is optimized with the Yoast SEO plugin v24.8.1 - https:\/\/yoast.com\/wordpress\/plugins\/seo\/ -->\n<title>Importar mam\u00e3o brasileiro para o seu pa\u00eds - Interfruit<\/title>\n<meta name=\"description\" content=\"Deseja importar mam\u00e3o e quer que a Interfruit seja a sua fornecedora? Preencha o formul\u00e1rio na p\u00e1gina para que nossa equipe entre em contato.\" \/>\n<meta name=\"robots\" content=\"index, follow, max-snippet:-1, max-image-preview:large, max-video-preview:-1\" \/>\n<link rel=\"canonical\" href=\"http:\/\/interfruit.com.br\/en\/contato\/importar-mamao\/\" \/>\n<meta property=\"og:locale\" content=\"es_ES\" \/>\n<meta property=\"og:type\" content=\"article\" \/>\n<meta property=\"og:title\" content=\"Importar mam\u00e3o brasileiro para o seu pa\u00eds - Interfruit\" \/>\n<meta property=\"og:description\" content=\"Deseja importar mam\u00e3o e quer que a Interfruit seja a sua fornecedora? Preencha o formul\u00e1rio na p\u00e1gina para que nossa equipe entre em contato.\" \/>\n<meta property=\"og:url\" content=\"http:\/\/interfruit.com.br\/en\/contato\/importar-mamao\/\" \/>\n<meta property=\"og:site_name\" content=\"Interfruit\" \/>\n<meta property=\"article:modified_time\" content=\"2024-09-17T17:17:28+00:00\" \/>\n<meta property=\"og:image\" content=\"http:\/\/interfruit.com.br\/wp-content\/uploads\/2019\/06\/telefone-contato.png\" \/>\n\t<meta property=\"og:image:width\" content=\"674\" \/>\n\t<meta property=\"og:image:height\" content=\"486\" \/>\n\t<meta property=\"og:image:type\" content=\"image\/png\" \/>\n<meta name=\"twitter:card\" content=\"summary_large_image\" \/>\n<meta name=\"twitter:label1\" content=\"Tiempo de lectura\" \/>\n\t<meta name=\"twitter:data1\" content=\"1 minuto\" \/>\n<script type=\"application\/ld+json\" class=\"yoast-schema-graph\">{\"@context\":\"https:\/\/schema.org\",\"@graph\":[{\"@type\":\"WebPage\",\"@id\":\"http:\/\/interfruit.com.br\/en\/contato\/importar-mamao\/\",\"url\":\"http:\/\/interfruit.com.br\/en\/contato\/importar-mamao\/\",\"name\":\"Importar mam\u00e3o brasileiro para o seu pa\u00eds - Interfruit\",\"isPartOf\":{\"@id\":\"https:\/\/interfruit.com.br\/en\/#website\"},\"primaryImageOfPage\":{\"@id\":\"http:\/\/interfruit.com.br\/en\/contato\/importar-mamao\/#primaryimage\"},\"image\":{\"@id\":\"http:\/\/interfruit.com.br\/en\/contato\/importar-mamao\/#primaryimage\"},\"thumbnailUrl\":\"https:\/\/interfruit.com.br\/wp-content\/uploads\/2019\/06\/telefone-contato.png\",\"datePublished\":\"2019-06-03T18:46:20+00:00\",\"dateModified\":\"2024-09-17T17:17:28+00:00\",\"description\":\"Deseja importar mam\u00e3o e quer que a Interfruit seja a sua fornecedora? Preencha o formul\u00e1rio na p\u00e1gina para que nossa equipe entre em contato.\",\"breadcrumb\":{\"@id\":\"http:\/\/interfruit.com.br\/en\/contato\/importar-mamao\/#breadcrumb\"},\"inLanguage\":\"es\",\"potentialAction\":[{\"@type\":\"ReadAction\",\"target\":[\"http:\/\/interfruit.com.br\/en\/contato\/importar-mamao\/\"]}]},{\"@type\":\"ImageObject\",\"inLanguage\":\"es\",\"@id\":\"http:\/\/interfruit.com.br\/en\/contato\/importar-mamao\/#primaryimage\",\"url\":\"https:\/\/interfruit.com.br\/wp-content\/uploads\/2019\/06\/telefone-contato.png\",\"contentUrl\":\"https:\/\/interfruit.com.br\/wp-content\/uploads\/2019\/06\/telefone-contato.png\",\"width\":674,\"height\":486,\"caption\":\"Falar com a Interfruit\"},{\"@type\":\"BreadcrumbList\",\"@id\":\"http:\/\/interfruit.com.br\/en\/contato\/importar-mamao\/#breadcrumb\",\"itemListElement\":[{\"@type\":\"ListItem\",\"position\":1,\"name\":\"In\u00edcio\",\"item\":\"https:\/\/interfruit.com.br\/en\/\"},{\"@type\":\"ListItem\",\"position\":2,\"name\":\"Contact\",\"item\":\"https:\/\/interfruit.com.br\/en\/contato\/\"},{\"@type\":\"ListItem\",\"position\":3,\"name\":\"I want to receive Brazilian Papaya\"}]},{\"@type\":\"WebSite\",\"@id\":\"https:\/\/interfruit.com.br\/en\/#website\",\"url\":\"https:\/\/interfruit.com.br\/en\/\",\"name\":\"Interfruit\",\"description\":\"Papaya specialist\",\"publisher\":{\"@id\":\"https:\/\/interfruit.com.br\/en\/#organization\"},\"potentialAction\":[{\"@type\":\"SearchAction\",\"target\":{\"@type\":\"EntryPoint\",\"urlTemplate\":\"https:\/\/interfruit.com.br\/en\/?s={search_term_string}\"},\"query-input\":{\"@type\":\"PropertyValueSpecification\",\"valueRequired\":true,\"valueName\":\"search_term_string\"}}],\"inLanguage\":\"es\"},{\"@type\":\"Organization\",\"@id\":\"https:\/\/interfruit.com.br\/en\/#organization\",\"name\":\"Interfruit\",\"url\":\"https:\/\/interfruit.com.br\/en\/\",\"logo\":{\"@type\":\"ImageObject\",\"inLanguage\":\"es\",\"@id\":\"https:\/\/interfruit.com.br\/en\/#\/schema\/logo\/image\/\",\"url\":\"https:\/\/interfruit.com.br\/wp-content\/uploads\/2019\/05\/logo-interfruit.png\",\"contentUrl\":\"https:\/\/interfruit.com.br\/wp-content\/uploads\/2019\/05\/logo-interfruit.png\",\"width\":264,\"height\":72,\"caption\":\"Interfruit\"},\"image\":{\"@id\":\"https:\/\/interfruit.com.br\/en\/#\/schema\/logo\/image\/\"}}]}<\/script>\n<!-- \/ Yoast SEO plugin. -->","yoast_head_json":{"title":"Importar mam\u00e3o brasileiro para o seu pa\u00eds - Interfruit","description":"Deseja importar mam\u00e3o e quer que a Interfruit seja a sua fornecedora? Preencha o formul\u00e1rio na p\u00e1gina para que nossa equipe entre em contato.","robots":{"index":"index","follow":"follow","max-snippet":"max-snippet:-1","max-image-preview":"max-image-preview:large","max-video-preview":"max-video-preview:-1"},"canonical":"http:\/\/interfruit.com.br\/en\/contato\/importar-mamao\/","og_locale":"es_ES","og_type":"article","og_title":"Importar mam\u00e3o brasileiro para o seu pa\u00eds - Interfruit","og_description":"Deseja importar mam\u00e3o e quer que a Interfruit seja a sua fornecedora? Preencha o formul\u00e1rio na p\u00e1gina para que nossa equipe entre em contato.","og_url":"http:\/\/interfruit.com.br\/en\/contato\/importar-mamao\/","og_site_name":"Interfruit","article_modified_time":"2024-09-17T17:17:28+00:00","og_image":[{"width":674,"height":486,"url":"http:\/\/interfruit.com.br\/wp-content\/uploads\/2019\/06\/telefone-contato.png","type":"image\/png"}],"twitter_card":"summary_large_image","twitter_misc":{"Tiempo de lectura":"1 minuto"},"schema":{"@context":"https:\/\/schema.org","@graph":[{"@type":"WebPage","@id":"http:\/\/interfruit.com.br\/en\/contato\/importar-mamao\/","url":"http:\/\/interfruit.com.br\/en\/contato\/importar-mamao\/","name":"Importar mam\u00e3o brasileiro para o seu pa\u00eds - Interfruit","isPartOf":{"@id":"https:\/\/interfruit.com.br\/en\/#website"},"primaryImageOfPage":{"@id":"http:\/\/interfruit.com.br\/en\/contato\/importar-mamao\/#primaryimage"},"image":{"@id":"http:\/\/interfruit.com.br\/en\/contato\/importar-mamao\/#primaryimage"},"thumbnailUrl":"https:\/\/interfruit.com.br\/wp-content\/uploads\/2019\/06\/telefone-contato.png","datePublished":"2019-06-03T18:46:20+00:00","dateModified":"2024-09-17T17:17:28+00:00","description":"Deseja importar mam\u00e3o e quer que a Interfruit seja a sua fornecedora? Preencha o formul\u00e1rio na p\u00e1gina para que nossa equipe entre em contato.","breadcrumb":{"@id":"http:\/\/interfruit.com.br\/en\/contato\/importar-mamao\/#breadcrumb"},"inLanguage":"es","potentialAction":[{"@type":"ReadAction","target":["http:\/\/interfruit.com.br\/en\/contato\/importar-mamao\/"]}]},{"@type":"ImageObject","inLanguage":"es","@id":"http:\/\/interfruit.com.br\/en\/contato\/importar-mamao\/#primaryimage","url":"https:\/\/interfruit.com.br\/wp-content\/uploads\/2019\/06\/telefone-contato.png","contentUrl":"https:\/\/interfruit.com.br\/wp-content\/uploads\/2019\/06\/telefone-contato.png","width":674,"height":486,"caption":"Falar com a Interfruit"},{"@type":"BreadcrumbList","@id":"http:\/\/interfruit.com.br\/en\/contato\/importar-mamao\/#breadcrumb","itemListElement":[{"@type":"ListItem","position":1,"name":"In\u00edcio","item":"https:\/\/interfruit.com.br\/en\/"},{"@type":"ListItem","position":2,"name":"Contact","item":"https:\/\/interfruit.com.br\/en\/contato\/"},{"@type":"ListItem","position":3,"name":"I want to receive Brazilian Papaya"}]},{"@type":"WebSite","@id":"https:\/\/interfruit.com.br\/en\/#website","url":"https:\/\/interfruit.com.br\/en\/","name":"Interfruit","description":"Papaya specialist","publisher":{"@id":"https:\/\/interfruit.com.br\/en\/#organization"},"potentialAction":[{"@type":"SearchAction","target":{"@type":"EntryPoint","urlTemplate":"https:\/\/interfruit.com.br\/en\/?s={search_term_string}"},"query-input":{"@type":"PropertyValueSpecification","valueRequired":true,"valueName":"search_term_string"}}],"inLanguage":"es"},{"@type":"Organization","@id":"https:\/\/interfruit.com.br\/en\/#organization","name":"Interfruit","url":"https:\/\/interfruit.com.br\/en\/","logo":{"@type":"ImageObject","inLanguage":"es","@id":"https:\/\/interfruit.com.br\/en\/#\/schema\/logo\/image\/","url":"https:\/\/interfruit.com.br\/wp-content\/uploads\/2019\/05\/logo-interfruit.png","contentUrl":"https:\/\/interfruit.com.br\/wp-content\/uploads\/2019\/05\/logo-interfruit.png","width":264,"height":72,"caption":"Interfruit"},"image":{"@id":"https:\/\/interfruit.com.br\/en\/#\/schema\/logo\/image\/"}}]}},"_links":{"self":[{"href":"https:\/\/interfruit.com.br\/es\/wp-json\/wp\/v2\/pages\/51","targetHints":{"allow":["GET"]}}],"collection":[{"href":"https:\/\/interfruit.com.br\/es\/wp-json\/wp\/v2\/pages"}],"about":[{"href":"https:\/\/interfruit.com.br\/es\/wp-json\/wp\/v2\/types\/page"}],"author":[{"embeddable":true,"href":"https:\/\/interfruit.com.br\/es\/wp-json\/wp\/v2\/users\/1"}],"replies":[{"embeddable":true,"href":"https:\/\/interfruit.com.br\/es\/wp-json\/wp\/v2\/comments?post=51"}],"version-history":[{"count":3,"href":"https:\/\/interfruit.com.br\/es\/wp-json\/wp\/v2\/pages\/51\/revisions"}],"predecessor-version":[{"id":881,"href":"https:\/\/interfruit.com.br\/es\/wp-json\/wp\/v2\/pages\/51\/revisions\/881"}],"up":[{"embeddable":true,"href":"https:\/\/interfruit.com.br\/es\/wp-json\/wp\/v2\/pages\/19"}],"wp:featuredmedia":[{"embeddable":true,"href":"https:\/\/interfruit.com.br\/es\/wp-json\/wp\/v2\/media\/63"}],"wp:attachment":[{"href":"https:\/\/interfruit.com.br\/es\/wp-json\/wp\/v2\/media?parent=51"}],"curies":[{"name":"wp","href":"https:\/\/api.w.org\/{rel}","templated":true}]}}