{"id":13,"date":"2019-05-27T17:14:28","date_gmt":"2019-05-27T20:14:28","guid":{"rendered":"https:\/\/interfruit.com.br\/?page_id=13"},"modified":"2021-06-09T15:04:21","modified_gmt":"2021-06-09T18:04:21","slug":"produtos","status":"publish","type":"page","link":"https:\/\/interfruit.com.br\/es\/produtos\/","title":{"rendered":"Productos"},"content":{"rendered":"<p>Interfruit est\u00e1 especializada en la papaya. Adem\u00e1s, se especializa en conectar lo mejor de la papaya brasile\u00f1a con el mercado internacional. Muy apreciada en todo el mundo, la papaya tiene en Brasil las condiciones clim\u00e1ticas necesarias para exportar frutos de excelente calidad y alta productividad. Interfruit suministra las variedades Golden y Formosa. Las diferencias entre estas variedades de productos Interfruit radican en el tama\u00f1o, la forma, el sabor, el dulzor y la densidad de la pulpa, as\u00ed como en el punto ideal de consumo, o lo que es lo mismo, el tiempo de maduraci\u00f3n de cada variedad.<\/p>\n<p>Los cultivos realizados en regiones que reciben m\u00e1s sol a lo largo del a\u00f1o, provocando temperaturas m\u00e1s altas, producen una fruta con altos grados brix y un sabor \u00fanico en comparaci\u00f3n con la producci\u00f3n de esta variedad en otros estados de Brasil. Los productores asociados a Interfruit se encuentran en dos estados que destacan por estas condiciones favorables. Esp\u00edrito Santo, situado en la regi\u00f3n sureste, donde destaca la plantaci\u00f3n de la variedad dorada, y Rio Grande do Norte, en la regi\u00f3n noreste, donde se produce y procesa la fruta de Formosa.<\/p>","protected":false},"excerpt":{"rendered":"<p>Interfruit est\u00e1 especializada en la papaya. Adem\u00e1s, se especializa en conectar lo mejor de la papaya brasile\u00f1a con el mercado internacional. Muy apreciada en todo el mundo, la papaya tiene en Brasil las condiciones clim\u00e1ticas necesarias para exportar frutos de excelente calidad y alta productividad. Interfruit suministra las variedades Golden y Formosa. Las diferencias entre [&hellip;]<\/p>\n","protected":false},"author":1,"featured_media":0,"parent":0,"menu_order":3,"comment_status":"closed","ping_status":"closed","template":"","meta":{"footnotes":""},"class_list":["post-13","page","type-page","status-publish","hentry"],"yoast_head":"<!-- This site is optimized with the Yoast SEO plugin v24.8.1 - https:\/\/yoast.com\/wordpress\/plugins\/seo\/ -->\n<title>Productos interfruit: fruta fresca para exportaci\u00f3n<\/title>\n<meta name=\"description\" content=\"Los productos interfruit de excelente calidad se benefician de las condiciones clim\u00e1ticas en Brasil, necesarias para la producci\u00f3n de papaya con alta productividad.\" \/>\n<meta name=\"robots\" content=\"index, follow, max-snippet:-1, max-image-preview:large, max-video-preview:-1\" \/>\n<link rel=\"canonical\" href=\"https:\/\/interfruit.com.br\/en\/produtos\/\" \/>\n<meta property=\"og:locale\" content=\"es_ES\" \/>\n<meta property=\"og:type\" content=\"article\" \/>\n<meta property=\"og:title\" content=\"Productos interfruit: fruta fresca para exportaci\u00f3n\" \/>\n<meta property=\"og:description\" content=\"Los productos interfruit de excelente calidad se benefician de las condiciones clim\u00e1ticas en Brasil, necesarias para la producci\u00f3n de papaya con alta productividad.\" \/>\n<meta property=\"og:url\" content=\"https:\/\/interfruit.com.br\/en\/produtos\/\" \/>\n<meta property=\"og:site_name\" content=\"Interfruit\" \/>\n<meta property=\"article:modified_time\" content=\"2021-06-09T18:04:21+00:00\" \/>\n<meta name=\"twitter:card\" content=\"summary_large_image\" \/>\n<meta name=\"twitter:label1\" content=\"Tiempo de lectura\" \/>\n\t<meta name=\"twitter:data1\" content=\"1 minuto\" \/>\n<script type=\"application\/ld+json\" class=\"yoast-schema-graph\">{\"@context\":\"https:\/\/schema.org\",\"@graph\":[{\"@type\":\"WebPage\",\"@id\":\"https:\/\/interfruit.com.br\/en\/produtos\/\",\"url\":\"https:\/\/interfruit.com.br\/en\/produtos\/\",\"name\":\"Productos interfruit: fruta fresca para exportaci\u00f3n\",\"isPartOf\":{\"@id\":\"https:\/\/interfruit.com.br\/en\/#website\"},\"datePublished\":\"2019-05-27T20:14:28+00:00\",\"dateModified\":\"2021-06-09T18:04:21+00:00\",\"description\":\"Los productos interfruit de excelente calidad se benefician de las condiciones clim\u00e1ticas en Brasil, necesarias para la producci\u00f3n de papaya con alta productividad.\",\"breadcrumb\":{\"@id\":\"https:\/\/interfruit.com.br\/en\/produtos\/#breadcrumb\"},\"inLanguage\":\"es\",\"potentialAction\":[{\"@type\":\"ReadAction\",\"target\":[\"https:\/\/interfruit.com.br\/en\/produtos\/\"]}]},{\"@type\":\"BreadcrumbList\",\"@id\":\"https:\/\/interfruit.com.br\/en\/produtos\/#breadcrumb\",\"itemListElement\":[{\"@type\":\"ListItem\",\"position\":1,\"name\":\"In\u00edcio\",\"item\":\"https:\/\/interfruit.com.br\/en\/\"},{\"@type\":\"ListItem\",\"position\":2,\"name\":\"Products\"}]},{\"@type\":\"WebSite\",\"@id\":\"https:\/\/interfruit.com.br\/en\/#website\",\"url\":\"https:\/\/interfruit.com.br\/en\/\",\"name\":\"Interfruit\",\"description\":\"Papaya specialist\",\"publisher\":{\"@id\":\"https:\/\/interfruit.com.br\/en\/#organization\"},\"potentialAction\":[{\"@type\":\"SearchAction\",\"target\":{\"@type\":\"EntryPoint\",\"urlTemplate\":\"https:\/\/interfruit.com.br\/en\/?s={search_term_string}\"},\"query-input\":{\"@type\":\"PropertyValueSpecification\",\"valueRequired\":true,\"valueName\":\"search_term_string\"}}],\"inLanguage\":\"es\"},{\"@type\":\"Organization\",\"@id\":\"https:\/\/interfruit.com.br\/en\/#organization\",\"name\":\"Interfruit\",\"url\":\"https:\/\/interfruit.com.br\/en\/\",\"logo\":{\"@type\":\"ImageObject\",\"inLanguage\":\"es\",\"@id\":\"https:\/\/interfruit.com.br\/en\/#\/schema\/logo\/image\/\",\"url\":\"https:\/\/interfruit.com.br\/wp-content\/uploads\/2019\/05\/logo-interfruit.png\",\"contentUrl\":\"https:\/\/interfruit.com.br\/wp-content\/uploads\/2019\/05\/logo-interfruit.png\",\"width\":264,\"height\":72,\"caption\":\"Interfruit\"},\"image\":{\"@id\":\"https:\/\/interfruit.com.br\/en\/#\/schema\/logo\/image\/\"}}]}<\/script>\n<!-- \/ Yoast SEO plugin. -->","yoast_head_json":{"title":"Productos interfruit: fruta fresca para exportaci\u00f3n","description":"Los productos interfruit de excelente calidad se benefician de las condiciones clim\u00e1ticas en Brasil, necesarias para la producci\u00f3n de papaya con alta productividad.","robots":{"index":"index","follow":"follow","max-snippet":"max-snippet:-1","max-image-preview":"max-image-preview:large","max-video-preview":"max-video-preview:-1"},"canonical":"https:\/\/interfruit.com.br\/en\/produtos\/","og_locale":"es_ES","og_type":"article","og_title":"Productos interfruit: fruta fresca para exportaci\u00f3n","og_description":"Los productos interfruit de excelente calidad se benefician de las condiciones clim\u00e1ticas en Brasil, necesarias para la producci\u00f3n de papaya con alta productividad.","og_url":"https:\/\/interfruit.com.br\/en\/produtos\/","og_site_name":"Interfruit","article_modified_time":"2021-06-09T18:04:21+00:00","twitter_card":"summary_large_image","twitter_misc":{"Tiempo de lectura":"1 minuto"},"schema":{"@context":"https:\/\/schema.org","@graph":[{"@type":"WebPage","@id":"https:\/\/interfruit.com.br\/en\/produtos\/","url":"https:\/\/interfruit.com.br\/en\/produtos\/","name":"Productos interfruit: fruta fresca para exportaci\u00f3n","isPartOf":{"@id":"https:\/\/interfruit.com.br\/en\/#website"},"datePublished":"2019-05-27T20:14:28+00:00","dateModified":"2021-06-09T18:04:21+00:00","description":"Los productos interfruit de excelente calidad se benefician de las condiciones clim\u00e1ticas en Brasil, necesarias para la producci\u00f3n de papaya con alta productividad.","breadcrumb":{"@id":"https:\/\/interfruit.com.br\/en\/produtos\/#breadcrumb"},"inLanguage":"es","potentialAction":[{"@type":"ReadAction","target":["https:\/\/interfruit.com.br\/en\/produtos\/"]}]},{"@type":"BreadcrumbList","@id":"https:\/\/interfruit.com.br\/en\/produtos\/#breadcrumb","itemListElement":[{"@type":"ListItem","position":1,"name":"In\u00edcio","item":"https:\/\/interfruit.com.br\/en\/"},{"@type":"ListItem","position":2,"name":"Products"}]},{"@type":"WebSite","@id":"https:\/\/interfruit.com.br\/en\/#website","url":"https:\/\/interfruit.com.br\/en\/","name":"Interfruit","description":"Papaya specialist","publisher":{"@id":"https:\/\/interfruit.com.br\/en\/#organization"},"potentialAction":[{"@type":"SearchAction","target":{"@type":"EntryPoint","urlTemplate":"https:\/\/interfruit.com.br\/en\/?s={search_term_string}"},"query-input":{"@type":"PropertyValueSpecification","valueRequired":true,"valueName":"search_term_string"}}],"inLanguage":"es"},{"@type":"Organization","@id":"https:\/\/interfruit.com.br\/en\/#organization","name":"Interfruit","url":"https:\/\/interfruit.com.br\/en\/","logo":{"@type":"ImageObject","inLanguage":"es","@id":"https:\/\/interfruit.com.br\/en\/#\/schema\/logo\/image\/","url":"https:\/\/interfruit.com.br\/wp-content\/uploads\/2019\/05\/logo-interfruit.png","contentUrl":"https:\/\/interfruit.com.br\/wp-content\/uploads\/2019\/05\/logo-interfruit.png","width":264,"height":72,"caption":"Interfruit"},"image":{"@id":"https:\/\/interfruit.com.br\/en\/#\/schema\/logo\/image\/"}}]}},"_links":{"self":[{"href":"https:\/\/interfruit.com.br\/es\/wp-json\/wp\/v2\/pages\/13","targetHints":{"allow":["GET"]}}],"collection":[{"href":"https:\/\/interfruit.com.br\/es\/wp-json\/wp\/v2\/pages"}],"about":[{"href":"https:\/\/interfruit.com.br\/es\/wp-json\/wp\/v2\/types\/page"}],"author":[{"embeddable":true,"href":"https:\/\/interfruit.com.br\/es\/wp-json\/wp\/v2\/users\/1"}],"replies":[{"embeddable":true,"href":"https:\/\/interfruit.com.br\/es\/wp-json\/wp\/v2\/comments?post=13"}],"version-history":[{"count":0,"href":"https:\/\/interfruit.com.br\/es\/wp-json\/wp\/v2\/pages\/13\/revisions"}],"wp:attachment":[{"href":"https:\/\/interfruit.com.br\/es\/wp-json\/wp\/v2\/media?parent=13"}],"curies":[{"name":"wp","href":"https:\/\/api.w.org\/{rel}","templated":true}]}}