{"id":11,"date":"2019-05-27T17:14:14","date_gmt":"2019-05-27T20:14:14","guid":{"rendered":"https:\/\/interfruit.com.br\/?page_id=11"},"modified":"2021-05-28T08:51:15","modified_gmt":"2021-05-28T11:51:15","slug":"exportacao","status":"publish","type":"page","link":"https:\/\/interfruit.com.br\/es\/exportacao\/","title":{"rendered":"Exportar"},"content":{"rendered":"<div class=\"wp-block-columns has-2-columns content-textSection is-layout-flex wp-container-core-columns-is-layout-9d6595d7 wp-block-columns-is-layout-flex\">\r\n<div class=\"wp-block-column is-layout-flow wp-block-column-is-layout-flow\">\r\n<p>La papaya brasile\u00f1a mueve la econom\u00eda local y agrada a los paladares de todo el mundo, con infinitas aplicaciones en la cocina y beneficios para la salud ampliamente conocidos. Y para que llegue a las mesas de los consumidores en perfectas condiciones de consumo, Interfruit cuenta con rigurosos procesos para la exportaci\u00f3n de papaya que garantizan la calidad y la seguridad sanitaria.<\/p>\r\n<p>Desde la cosecha en los campos de los productores asociados a Interfruit, situados en los estados de Espirito Santo y Rio Grande do Norte, hasta el pa\u00eds de destino &#8211; pasando por el transporte interno, la selecci\u00f3n<\/p>\r\n<p>la transformaci\u00f3n y el tratamiento de la fruta y el env\u00edo &#8211; transcurren un m\u00e1ximo de 05 d\u00edas. Esta agilidad en la exportaci\u00f3n de papaya est\u00e1 garantizada por la mejora de los procesos log\u00edsticos y el transporte a\u00e9reo, utilizado en todos los env\u00edos de fruta al mercado exterior.<\/p>\r\n<p>La experiencia de Interfruit consiste en conectar a los productores brasile\u00f1os con los pa\u00edses consumidores. Entre los pa\u00edses que m\u00e1s importan nuestra fruta est\u00e1n Estados Unidos, Canad\u00e1, Emiratos \u00c1rabes Unidos y varios componentes de la Uni\u00f3n Europea como Alemania, Espa\u00f1a y Portugal.\u00a0<\/p>\r\n<\/div>\r\n<div class=\"wp-block-column\"><\/div>\r\n<\/div>","protected":false},"excerpt":{"rendered":"<p>La papaya brasile\u00f1a mueve la econom\u00eda local y agrada a los paladares de todo el mundo, con infinitas aplicaciones en la cocina y beneficios para la salud ampliamente conocidos. Y para que llegue a las mesas de los consumidores en perfectas condiciones de consumo, Interfruit cuenta con rigurosos procesos para la exportaci\u00f3n de papaya que [&hellip;]<\/p>\n","protected":false},"author":1,"featured_media":268,"parent":0,"menu_order":2,"comment_status":"closed","ping_status":"closed","template":"","meta":{"footnotes":""},"class_list":["post-11","page","type-page","status-publish","has-post-thumbnail","hentry"],"yoast_head":"<!-- This site is optimized with the Yoast SEO plugin v24.8.1 - https:\/\/yoast.com\/wordpress\/plugins\/seo\/ -->\n<title>Especialista en exportaci\u00f3n de papaya en Brasil- Interfruit<\/title>\n<meta name=\"description\" content=\"La experiencia de Interfruit es la exportaci\u00f3n de papaya con estrictos procesos de aseguramiento de la calidad, conectando a los productores brasile\u00f1os con los pa\u00edses consumidores.\" \/>\n<meta name=\"robots\" content=\"index, follow, max-snippet:-1, max-image-preview:large, max-video-preview:-1\" \/>\n<link rel=\"canonical\" href=\"https:\/\/interfruit.com.br\/en\/exportacao\/\" \/>\n<meta property=\"og:locale\" content=\"es_ES\" \/>\n<meta property=\"og:type\" content=\"article\" \/>\n<meta property=\"og:title\" content=\"Especialista en exportaci\u00f3n de papaya en Brasil- Interfruit\" \/>\n<meta property=\"og:description\" content=\"La experiencia de Interfruit es la exportaci\u00f3n de papaya con estrictos procesos de aseguramiento de la calidad, conectando a los productores brasile\u00f1os con los pa\u00edses consumidores.\" \/>\n<meta property=\"og:url\" content=\"https:\/\/interfruit.com.br\/en\/exportacao\/\" \/>\n<meta property=\"og:site_name\" content=\"Interfruit\" \/>\n<meta property=\"article:modified_time\" content=\"2021-05-28T11:51:15+00:00\" \/>\n<meta property=\"og:image\" content=\"https:\/\/interfruit.com.br\/wp-content\/uploads\/2019\/06\/banner-exportacao.jpg\" \/>\n\t<meta property=\"og:image:width\" content=\"1920\" \/>\n\t<meta property=\"og:image:height\" content=\"850\" \/>\n\t<meta property=\"og:image:type\" content=\"image\/jpeg\" \/>\n<meta name=\"twitter:card\" content=\"summary_large_image\" \/>\n<meta name=\"twitter:label1\" content=\"Tiempo de lectura\" \/>\n\t<meta name=\"twitter:data1\" content=\"1 minuto\" \/>\n<script type=\"application\/ld+json\" class=\"yoast-schema-graph\">{\"@context\":\"https:\/\/schema.org\",\"@graph\":[{\"@type\":\"WebPage\",\"@id\":\"https:\/\/interfruit.com.br\/en\/exportacao\/\",\"url\":\"https:\/\/interfruit.com.br\/en\/exportacao\/\",\"name\":\"Especialista en exportaci\u00f3n de papaya en Brasil- Interfruit\",\"isPartOf\":{\"@id\":\"https:\/\/interfruit.com.br\/en\/#website\"},\"primaryImageOfPage\":{\"@id\":\"https:\/\/interfruit.com.br\/en\/exportacao\/#primaryimage\"},\"image\":{\"@id\":\"https:\/\/interfruit.com.br\/en\/exportacao\/#primaryimage\"},\"thumbnailUrl\":\"https:\/\/interfruit.com.br\/wp-content\/uploads\/2019\/06\/banner-exportacao.jpg\",\"datePublished\":\"2019-05-27T20:14:14+00:00\",\"dateModified\":\"2021-05-28T11:51:15+00:00\",\"description\":\"La experiencia de Interfruit es la exportaci\u00f3n de papaya con estrictos procesos de aseguramiento de la calidad, conectando a los productores brasile\u00f1os con los pa\u00edses consumidores.\",\"breadcrumb\":{\"@id\":\"https:\/\/interfruit.com.br\/en\/exportacao\/#breadcrumb\"},\"inLanguage\":\"es\",\"potentialAction\":[{\"@type\":\"ReadAction\",\"target\":[\"https:\/\/interfruit.com.br\/en\/exportacao\/\"]}]},{\"@type\":\"ImageObject\",\"inLanguage\":\"es\",\"@id\":\"https:\/\/interfruit.com.br\/en\/exportacao\/#primaryimage\",\"url\":\"https:\/\/interfruit.com.br\/wp-content\/uploads\/2019\/06\/banner-exportacao.jpg\",\"contentUrl\":\"https:\/\/interfruit.com.br\/wp-content\/uploads\/2019\/06\/banner-exportacao.jpg\",\"width\":1920,\"height\":850,\"caption\":\"Avi\u00e3o sendo carregado para exporta\u00e7\u00e3o de mam\u00e3o\"},{\"@type\":\"BreadcrumbList\",\"@id\":\"https:\/\/interfruit.com.br\/en\/exportacao\/#breadcrumb\",\"itemListElement\":[{\"@type\":\"ListItem\",\"position\":1,\"name\":\"In\u00edcio\",\"item\":\"https:\/\/interfruit.com.br\/en\/\"},{\"@type\":\"ListItem\",\"position\":2,\"name\":\"Export\"}]},{\"@type\":\"WebSite\",\"@id\":\"https:\/\/interfruit.com.br\/en\/#website\",\"url\":\"https:\/\/interfruit.com.br\/en\/\",\"name\":\"Interfruit\",\"description\":\"Papaya specialist\",\"publisher\":{\"@id\":\"https:\/\/interfruit.com.br\/en\/#organization\"},\"potentialAction\":[{\"@type\":\"SearchAction\",\"target\":{\"@type\":\"EntryPoint\",\"urlTemplate\":\"https:\/\/interfruit.com.br\/en\/?s={search_term_string}\"},\"query-input\":{\"@type\":\"PropertyValueSpecification\",\"valueRequired\":true,\"valueName\":\"search_term_string\"}}],\"inLanguage\":\"es\"},{\"@type\":\"Organization\",\"@id\":\"https:\/\/interfruit.com.br\/en\/#organization\",\"name\":\"Interfruit\",\"url\":\"https:\/\/interfruit.com.br\/en\/\",\"logo\":{\"@type\":\"ImageObject\",\"inLanguage\":\"es\",\"@id\":\"https:\/\/interfruit.com.br\/en\/#\/schema\/logo\/image\/\",\"url\":\"https:\/\/interfruit.com.br\/wp-content\/uploads\/2019\/05\/logo-interfruit.png\",\"contentUrl\":\"https:\/\/interfruit.com.br\/wp-content\/uploads\/2019\/05\/logo-interfruit.png\",\"width\":264,\"height\":72,\"caption\":\"Interfruit\"},\"image\":{\"@id\":\"https:\/\/interfruit.com.br\/en\/#\/schema\/logo\/image\/\"}}]}<\/script>\n<!-- \/ Yoast SEO plugin. -->","yoast_head_json":{"title":"Especialista en exportaci\u00f3n de papaya en Brasil- Interfruit","description":"La experiencia de Interfruit es la exportaci\u00f3n de papaya con estrictos procesos de aseguramiento de la calidad, conectando a los productores brasile\u00f1os con los pa\u00edses consumidores.","robots":{"index":"index","follow":"follow","max-snippet":"max-snippet:-1","max-image-preview":"max-image-preview:large","max-video-preview":"max-video-preview:-1"},"canonical":"https:\/\/interfruit.com.br\/en\/exportacao\/","og_locale":"es_ES","og_type":"article","og_title":"Especialista en exportaci\u00f3n de papaya en Brasil- Interfruit","og_description":"La experiencia de Interfruit es la exportaci\u00f3n de papaya con estrictos procesos de aseguramiento de la calidad, conectando a los productores brasile\u00f1os con los pa\u00edses consumidores.","og_url":"https:\/\/interfruit.com.br\/en\/exportacao\/","og_site_name":"Interfruit","article_modified_time":"2021-05-28T11:51:15+00:00","og_image":[{"width":1920,"height":850,"url":"https:\/\/interfruit.com.br\/wp-content\/uploads\/2019\/06\/banner-exportacao.jpg","type":"image\/jpeg"}],"twitter_card":"summary_large_image","twitter_misc":{"Tiempo de lectura":"1 minuto"},"schema":{"@context":"https:\/\/schema.org","@graph":[{"@type":"WebPage","@id":"https:\/\/interfruit.com.br\/en\/exportacao\/","url":"https:\/\/interfruit.com.br\/en\/exportacao\/","name":"Especialista en exportaci\u00f3n de papaya en Brasil- Interfruit","isPartOf":{"@id":"https:\/\/interfruit.com.br\/en\/#website"},"primaryImageOfPage":{"@id":"https:\/\/interfruit.com.br\/en\/exportacao\/#primaryimage"},"image":{"@id":"https:\/\/interfruit.com.br\/en\/exportacao\/#primaryimage"},"thumbnailUrl":"https:\/\/interfruit.com.br\/wp-content\/uploads\/2019\/06\/banner-exportacao.jpg","datePublished":"2019-05-27T20:14:14+00:00","dateModified":"2021-05-28T11:51:15+00:00","description":"La experiencia de Interfruit es la exportaci\u00f3n de papaya con estrictos procesos de aseguramiento de la calidad, conectando a los productores brasile\u00f1os con los pa\u00edses consumidores.","breadcrumb":{"@id":"https:\/\/interfruit.com.br\/en\/exportacao\/#breadcrumb"},"inLanguage":"es","potentialAction":[{"@type":"ReadAction","target":["https:\/\/interfruit.com.br\/en\/exportacao\/"]}]},{"@type":"ImageObject","inLanguage":"es","@id":"https:\/\/interfruit.com.br\/en\/exportacao\/#primaryimage","url":"https:\/\/interfruit.com.br\/wp-content\/uploads\/2019\/06\/banner-exportacao.jpg","contentUrl":"https:\/\/interfruit.com.br\/wp-content\/uploads\/2019\/06\/banner-exportacao.jpg","width":1920,"height":850,"caption":"Avi\u00e3o sendo carregado para exporta\u00e7\u00e3o de mam\u00e3o"},{"@type":"BreadcrumbList","@id":"https:\/\/interfruit.com.br\/en\/exportacao\/#breadcrumb","itemListElement":[{"@type":"ListItem","position":1,"name":"In\u00edcio","item":"https:\/\/interfruit.com.br\/en\/"},{"@type":"ListItem","position":2,"name":"Export"}]},{"@type":"WebSite","@id":"https:\/\/interfruit.com.br\/en\/#website","url":"https:\/\/interfruit.com.br\/en\/","name":"Interfruit","description":"Papaya specialist","publisher":{"@id":"https:\/\/interfruit.com.br\/en\/#organization"},"potentialAction":[{"@type":"SearchAction","target":{"@type":"EntryPoint","urlTemplate":"https:\/\/interfruit.com.br\/en\/?s={search_term_string}"},"query-input":{"@type":"PropertyValueSpecification","valueRequired":true,"valueName":"search_term_string"}}],"inLanguage":"es"},{"@type":"Organization","@id":"https:\/\/interfruit.com.br\/en\/#organization","name":"Interfruit","url":"https:\/\/interfruit.com.br\/en\/","logo":{"@type":"ImageObject","inLanguage":"es","@id":"https:\/\/interfruit.com.br\/en\/#\/schema\/logo\/image\/","url":"https:\/\/interfruit.com.br\/wp-content\/uploads\/2019\/05\/logo-interfruit.png","contentUrl":"https:\/\/interfruit.com.br\/wp-content\/uploads\/2019\/05\/logo-interfruit.png","width":264,"height":72,"caption":"Interfruit"},"image":{"@id":"https:\/\/interfruit.com.br\/en\/#\/schema\/logo\/image\/"}}]}},"_links":{"self":[{"href":"https:\/\/interfruit.com.br\/es\/wp-json\/wp\/v2\/pages\/11","targetHints":{"allow":["GET"]}}],"collection":[{"href":"https:\/\/interfruit.com.br\/es\/wp-json\/wp\/v2\/pages"}],"about":[{"href":"https:\/\/interfruit.com.br\/es\/wp-json\/wp\/v2\/types\/page"}],"author":[{"embeddable":true,"href":"https:\/\/interfruit.com.br\/es\/wp-json\/wp\/v2\/users\/1"}],"replies":[{"embeddable":true,"href":"https:\/\/interfruit.com.br\/es\/wp-json\/wp\/v2\/comments?post=11"}],"version-history":[{"count":0,"href":"https:\/\/interfruit.com.br\/es\/wp-json\/wp\/v2\/pages\/11\/revisions"}],"wp:featuredmedia":[{"embeddable":true,"href":"https:\/\/interfruit.com.br\/es\/wp-json\/wp\/v2\/media\/268"}],"wp:attachment":[{"href":"https:\/\/interfruit.com.br\/es\/wp-json\/wp\/v2\/media?parent=11"}],"curies":[{"name":"wp","href":"https:\/\/api.w.org\/{rel}","templated":true}]}}