{"id":17,"date":"2019-05-27T17:15:01","date_gmt":"2019-05-27T20:15:01","guid":{"rendered":"https:\/\/interfruit.com.br\/?page_id=17"},"modified":"2024-10-10T16:35:49","modified_gmt":"2024-10-10T19:35:49","slug":"certificacoes","status":"publish","type":"page","link":"https:\/\/interfruit.com.br\/en\/certificacoes\/","title":{"rendered":"Interfruit\u2019s Certifications"},"content":{"rendered":"<div class=\"wp-block-columns has-2-columns content-textSection is-layout-flex wp-container-core-columns-is-layout-9d6595d7 wp-block-columns-is-layout-flex\">\r\n<div class=\"wp-block-column is-layout-flow wp-block-column-is-layout-flow\">\r\n<p>For Interfruit, papaya management is a cycle that starts at respecting the environment and the producer, goes on to crop management, harvesting and shipping and ends at the delivery of the product to the consumer market in ideal condition for human consumption.<\/p>\r\n<p>These values are at the core of our culture and practices and are embodied in the international certifications that ensure our practices and open the doors to the most demanding markets.<\/p>\r\n<\/div>\r\n<div class=\"wp-block-column\"><\/div>\r\n<\/div>","protected":false},"excerpt":{"rendered":"<p>For Interfruit, papaya management is a cycle that starts at respecting the environment and the producer, goes on to crop management, harvesting and shipping and ends at the delivery of the product to the consumer market in ideal condition for human consumption. These values are at the core of our culture and practices and are [&hellip;]<\/p>\n","protected":false},"author":1,"featured_media":569,"parent":0,"menu_order":5,"comment_status":"closed","ping_status":"closed","template":"","meta":{"footnotes":""},"class_list":["post-17","page","type-page","status-publish","has-post-thumbnail","hentry"],"yoast_head":"<!-- This site is optimized with the Yoast SEO plugin v24.8.1 - https:\/\/yoast.com\/wordpress\/plugins\/seo\/ -->\n<title>Certifica\u00e7\u00f5es internacionais para exporta\u00e7\u00e3o de frutas frescas - Interfruit<\/title>\n<meta name=\"description\" content=\"Los valores arraigados en la cultura y las pr\u00e1cticas de Interfruit se manifiestan en certificaciones internacionales que abren la puerta a los pa\u00edses m\u00e1s exigentes.\" \/>\n<meta name=\"robots\" content=\"index, follow, max-snippet:-1, max-image-preview:large, max-video-preview:-1\" \/>\n<link rel=\"canonical\" href=\"https:\/\/interfruit.com.br\/es\/certificacoes\/\" \/>\n<meta property=\"og:locale\" content=\"en_US\" \/>\n<meta property=\"og:type\" content=\"article\" \/>\n<meta property=\"og:title\" content=\"Certifica\u00e7\u00f5es internacionais para exporta\u00e7\u00e3o de frutas frescas - Interfruit\" \/>\n<meta property=\"og:description\" content=\"Los valores arraigados en la cultura y las pr\u00e1cticas de Interfruit se manifiestan en certificaciones internacionales que abren la puerta a los pa\u00edses m\u00e1s exigentes.\" \/>\n<meta property=\"og:url\" content=\"https:\/\/interfruit.com.br\/es\/certificacoes\/\" \/>\n<meta property=\"og:site_name\" content=\"Interfruit\" \/>\n<meta property=\"article:modified_time\" content=\"2024-10-10T19:35:49+00:00\" \/>\n<meta property=\"og:image\" content=\"https:\/\/interfruit.com.br\/wp-content\/uploads\/2020\/01\/Banner-Plantacao.jpg\" \/>\n\t<meta property=\"og:image:width\" content=\"1920\" \/>\n\t<meta property=\"og:image:height\" content=\"1080\" \/>\n\t<meta property=\"og:image:type\" content=\"image\/jpeg\" \/>\n<meta name=\"twitter:card\" content=\"summary_large_image\" \/>\n<meta name=\"twitter:label1\" content=\"Est. reading time\" \/>\n\t<meta name=\"twitter:data1\" content=\"1 minute\" \/>\n<script type=\"application\/ld+json\" class=\"yoast-schema-graph\">{\"@context\":\"https:\/\/schema.org\",\"@graph\":[{\"@type\":\"WebPage\",\"@id\":\"https:\/\/interfruit.com.br\/es\/certificacoes\/\",\"url\":\"https:\/\/interfruit.com.br\/es\/certificacoes\/\",\"name\":\"Certifica\u00e7\u00f5es internacionais para exporta\u00e7\u00e3o de frutas frescas - Interfruit\",\"isPartOf\":{\"@id\":\"https:\/\/interfruit.com.br\/en\/#website\"},\"primaryImageOfPage\":{\"@id\":\"https:\/\/interfruit.com.br\/es\/certificacoes\/#primaryimage\"},\"image\":{\"@id\":\"https:\/\/interfruit.com.br\/es\/certificacoes\/#primaryimage\"},\"thumbnailUrl\":\"https:\/\/interfruit.com.br\/wp-content\/uploads\/2020\/01\/Banner-Plantacao.jpg\",\"datePublished\":\"2019-05-27T20:15:01+00:00\",\"dateModified\":\"2024-10-10T19:35:49+00:00\",\"description\":\"Los valores arraigados en la cultura y las pr\u00e1cticas de Interfruit se manifiestan en certificaciones internacionales que abren la puerta a los pa\u00edses m\u00e1s exigentes.\",\"breadcrumb\":{\"@id\":\"https:\/\/interfruit.com.br\/es\/certificacoes\/#breadcrumb\"},\"inLanguage\":\"en-US\",\"potentialAction\":[{\"@type\":\"ReadAction\",\"target\":[\"https:\/\/interfruit.com.br\/es\/certificacoes\/\"]}]},{\"@type\":\"ImageObject\",\"inLanguage\":\"en-US\",\"@id\":\"https:\/\/interfruit.com.br\/es\/certificacoes\/#primaryimage\",\"url\":\"https:\/\/interfruit.com.br\/wp-content\/uploads\/2020\/01\/Banner-Plantacao.jpg\",\"contentUrl\":\"https:\/\/interfruit.com.br\/wp-content\/uploads\/2020\/01\/Banner-Plantacao.jpg\",\"width\":1920,\"height\":1080,\"caption\":\"Certifica\u00e7\u00f5es internacionais da Interfruit\"},{\"@type\":\"BreadcrumbList\",\"@id\":\"https:\/\/interfruit.com.br\/es\/certificacoes\/#breadcrumb\",\"itemListElement\":[{\"@type\":\"ListItem\",\"position\":1,\"name\":\"In\u00edcio\",\"item\":\"https:\/\/interfruit.com.br\/en\/\"},{\"@type\":\"ListItem\",\"position\":2,\"name\":\"Certificaciones Interfruit\"}]},{\"@type\":\"WebSite\",\"@id\":\"https:\/\/interfruit.com.br\/en\/#website\",\"url\":\"https:\/\/interfruit.com.br\/en\/\",\"name\":\"Interfruit\",\"description\":\"Papaya specialist\",\"publisher\":{\"@id\":\"https:\/\/interfruit.com.br\/en\/#organization\"},\"potentialAction\":[{\"@type\":\"SearchAction\",\"target\":{\"@type\":\"EntryPoint\",\"urlTemplate\":\"https:\/\/interfruit.com.br\/en\/?s={search_term_string}\"},\"query-input\":{\"@type\":\"PropertyValueSpecification\",\"valueRequired\":true,\"valueName\":\"search_term_string\"}}],\"inLanguage\":\"en-US\"},{\"@type\":\"Organization\",\"@id\":\"https:\/\/interfruit.com.br\/en\/#organization\",\"name\":\"Interfruit\",\"url\":\"https:\/\/interfruit.com.br\/en\/\",\"logo\":{\"@type\":\"ImageObject\",\"inLanguage\":\"en-US\",\"@id\":\"https:\/\/interfruit.com.br\/en\/#\/schema\/logo\/image\/\",\"url\":\"https:\/\/interfruit.com.br\/wp-content\/uploads\/2019\/05\/logo-interfruit.png\",\"contentUrl\":\"https:\/\/interfruit.com.br\/wp-content\/uploads\/2019\/05\/logo-interfruit.png\",\"width\":264,\"height\":72,\"caption\":\"Interfruit\"},\"image\":{\"@id\":\"https:\/\/interfruit.com.br\/en\/#\/schema\/logo\/image\/\"}}]}<\/script>\n<!-- \/ Yoast SEO plugin. -->","yoast_head_json":{"title":"Certifica\u00e7\u00f5es internacionais para exporta\u00e7\u00e3o de frutas frescas - Interfruit","description":"Los valores arraigados en la cultura y las pr\u00e1cticas de Interfruit se manifiestan en certificaciones internacionales que abren la puerta a los pa\u00edses m\u00e1s exigentes.","robots":{"index":"index","follow":"follow","max-snippet":"max-snippet:-1","max-image-preview":"max-image-preview:large","max-video-preview":"max-video-preview:-1"},"canonical":"https:\/\/interfruit.com.br\/es\/certificacoes\/","og_locale":"en_US","og_type":"article","og_title":"Certifica\u00e7\u00f5es internacionais para exporta\u00e7\u00e3o de frutas frescas - Interfruit","og_description":"Los valores arraigados en la cultura y las pr\u00e1cticas de Interfruit se manifiestan en certificaciones internacionales que abren la puerta a los pa\u00edses m\u00e1s exigentes.","og_url":"https:\/\/interfruit.com.br\/es\/certificacoes\/","og_site_name":"Interfruit","article_modified_time":"2024-10-10T19:35:49+00:00","og_image":[{"width":1920,"height":1080,"url":"https:\/\/interfruit.com.br\/wp-content\/uploads\/2020\/01\/Banner-Plantacao.jpg","type":"image\/jpeg"}],"twitter_card":"summary_large_image","twitter_misc":{"Est. reading time":"1 minute"},"schema":{"@context":"https:\/\/schema.org","@graph":[{"@type":"WebPage","@id":"https:\/\/interfruit.com.br\/es\/certificacoes\/","url":"https:\/\/interfruit.com.br\/es\/certificacoes\/","name":"Certifica\u00e7\u00f5es internacionais para exporta\u00e7\u00e3o de frutas frescas - Interfruit","isPartOf":{"@id":"https:\/\/interfruit.com.br\/en\/#website"},"primaryImageOfPage":{"@id":"https:\/\/interfruit.com.br\/es\/certificacoes\/#primaryimage"},"image":{"@id":"https:\/\/interfruit.com.br\/es\/certificacoes\/#primaryimage"},"thumbnailUrl":"https:\/\/interfruit.com.br\/wp-content\/uploads\/2020\/01\/Banner-Plantacao.jpg","datePublished":"2019-05-27T20:15:01+00:00","dateModified":"2024-10-10T19:35:49+00:00","description":"Los valores arraigados en la cultura y las pr\u00e1cticas de Interfruit se manifiestan en certificaciones internacionales que abren la puerta a los pa\u00edses m\u00e1s exigentes.","breadcrumb":{"@id":"https:\/\/interfruit.com.br\/es\/certificacoes\/#breadcrumb"},"inLanguage":"en-US","potentialAction":[{"@type":"ReadAction","target":["https:\/\/interfruit.com.br\/es\/certificacoes\/"]}]},{"@type":"ImageObject","inLanguage":"en-US","@id":"https:\/\/interfruit.com.br\/es\/certificacoes\/#primaryimage","url":"https:\/\/interfruit.com.br\/wp-content\/uploads\/2020\/01\/Banner-Plantacao.jpg","contentUrl":"https:\/\/interfruit.com.br\/wp-content\/uploads\/2020\/01\/Banner-Plantacao.jpg","width":1920,"height":1080,"caption":"Certifica\u00e7\u00f5es internacionais da Interfruit"},{"@type":"BreadcrumbList","@id":"https:\/\/interfruit.com.br\/es\/certificacoes\/#breadcrumb","itemListElement":[{"@type":"ListItem","position":1,"name":"In\u00edcio","item":"https:\/\/interfruit.com.br\/en\/"},{"@type":"ListItem","position":2,"name":"Certificaciones Interfruit"}]},{"@type":"WebSite","@id":"https:\/\/interfruit.com.br\/en\/#website","url":"https:\/\/interfruit.com.br\/en\/","name":"Interfruit","description":"Papaya specialist","publisher":{"@id":"https:\/\/interfruit.com.br\/en\/#organization"},"potentialAction":[{"@type":"SearchAction","target":{"@type":"EntryPoint","urlTemplate":"https:\/\/interfruit.com.br\/en\/?s={search_term_string}"},"query-input":{"@type":"PropertyValueSpecification","valueRequired":true,"valueName":"search_term_string"}}],"inLanguage":"en-US"},{"@type":"Organization","@id":"https:\/\/interfruit.com.br\/en\/#organization","name":"Interfruit","url":"https:\/\/interfruit.com.br\/en\/","logo":{"@type":"ImageObject","inLanguage":"en-US","@id":"https:\/\/interfruit.com.br\/en\/#\/schema\/logo\/image\/","url":"https:\/\/interfruit.com.br\/wp-content\/uploads\/2019\/05\/logo-interfruit.png","contentUrl":"https:\/\/interfruit.com.br\/wp-content\/uploads\/2019\/05\/logo-interfruit.png","width":264,"height":72,"caption":"Interfruit"},"image":{"@id":"https:\/\/interfruit.com.br\/en\/#\/schema\/logo\/image\/"}}]}},"_links":{"self":[{"href":"https:\/\/interfruit.com.br\/en\/wp-json\/wp\/v2\/pages\/17","targetHints":{"allow":["GET"]}}],"collection":[{"href":"https:\/\/interfruit.com.br\/en\/wp-json\/wp\/v2\/pages"}],"about":[{"href":"https:\/\/interfruit.com.br\/en\/wp-json\/wp\/v2\/types\/page"}],"author":[{"embeddable":true,"href":"https:\/\/interfruit.com.br\/en\/wp-json\/wp\/v2\/users\/1"}],"replies":[{"embeddable":true,"href":"https:\/\/interfruit.com.br\/en\/wp-json\/wp\/v2\/comments?post=17"}],"version-history":[{"count":6,"href":"https:\/\/interfruit.com.br\/en\/wp-json\/wp\/v2\/pages\/17\/revisions"}],"predecessor-version":[{"id":887,"href":"https:\/\/interfruit.com.br\/en\/wp-json\/wp\/v2\/pages\/17\/revisions\/887"}],"wp:featuredmedia":[{"embeddable":true,"href":"https:\/\/interfruit.com.br\/en\/wp-json\/wp\/v2\/media\/569"}],"wp:attachment":[{"href":"https:\/\/interfruit.com.br\/en\/wp-json\/wp\/v2\/media?parent=17"}],"curies":[{"name":"wp","href":"https:\/\/api.w.org\/{rel}","templated":true}]}}