{"id":145,"date":"2019-06-21T13:42:42","date_gmt":"2019-06-21T16:42:42","guid":{"rendered":"https:\/\/interfruit.com.br\/?page_id=145"},"modified":"2021-06-06T16:20:57","modified_gmt":"2021-06-06T19:20:57","slug":"mamao-formosa","status":"publish","type":"page","link":"http:\/\/interfruit.com.br\/en\/produtos\/mamao-formosa\/","title":{"rendered":"Formosa Papaya"},"content":{"rendered":"<p>Formosa Papaya has already won many tastes for its consistency and distinct flavor.<\/p>\n<p>Formosa has its origin in the 15th century, when the variety was taken from Taiwan to Brazil by Portuguese colonists. Its name comes from the Portuguese word that is synonymous with \u201cbeautiful\u201d.<\/p>\n<p>The same name is used in the United States, Canada and in European countries. The variety has a larger format than the others and, therefore, it is a common choice for family consumption, for example. Formosa is low in calories, low in fat and sugar and has zero cholesterol. It can be consumed as vitamins, in fruit salad and mainly in natura.<\/p>","protected":false},"excerpt":{"rendered":"<p>Formosa Papaya has already won many tastes for its consistency and distinct flavor. Formosa has its origin in the 15th century, when the variety was taken from Taiwan to Brazil by Portuguese colonists. Its name comes from the Portuguese word that is synonymous with \u201cbeautiful\u201d. The same name is used in the United States, Canada [&hellip;]<\/p>\n","protected":false},"author":1,"featured_media":604,"parent":13,"menu_order":1,"comment_status":"closed","ping_status":"closed","template":"page-tipos-mamao.php","meta":{"footnotes":""},"class_list":["post-145","page","type-page","status-publish","has-post-thumbnail","hentry"],"yoast_head":"<!-- This site is optimized with the Yoast SEO plugin v24.8.1 - https:\/\/yoast.com\/wordpress\/plugins\/seo\/ -->\n<title>Mam\u00e3o Formosa: fatos e curiosidades sobre a variedade - Interfruit<\/title>\n<meta name=\"description\" content=\"O Mam\u00e3o Formosa j\u00e1 conquistou muitos paladares por sua consist\u00eancia e sabor distinto. Conhe\u00e7a fatos e curiosidades sobre o fruto.\" \/>\n<meta name=\"robots\" content=\"index, follow, max-snippet:-1, max-image-preview:large, max-video-preview:-1\" \/>\n<link rel=\"canonical\" href=\"https:\/\/interfruit.com.br\/produtos\/mamao-formosa\/\" \/>\n<meta property=\"og:locale\" content=\"en_US\" \/>\n<meta property=\"og:type\" content=\"article\" \/>\n<meta property=\"og:title\" content=\"Mam\u00e3o Formosa: fatos e curiosidades sobre a variedade - Interfruit\" \/>\n<meta property=\"og:description\" content=\"O Mam\u00e3o Formosa j\u00e1 conquistou muitos paladares por sua consist\u00eancia e sabor distinto. Conhe\u00e7a fatos e curiosidades sobre o fruto.\" \/>\n<meta property=\"og:url\" content=\"https:\/\/interfruit.com.br\/produtos\/mamao-formosa\/\" \/>\n<meta property=\"og:site_name\" content=\"Interfruit\" \/>\n<meta property=\"article:modified_time\" content=\"2021-06-06T19:20:57+00:00\" \/>\n<meta property=\"og:image\" content=\"https:\/\/interfruit.com.br\/wp-content\/uploads\/2021\/02\/Banner-Produtos-Papaya-Formosa.jpg\" \/>\n\t<meta property=\"og:image:width\" content=\"1920\" \/>\n\t<meta property=\"og:image:height\" content=\"728\" \/>\n\t<meta property=\"og:image:type\" content=\"image\/jpeg\" \/>\n<meta name=\"twitter:card\" content=\"summary_large_image\" \/>\n<meta name=\"twitter:label1\" content=\"Est. reading time\" \/>\n\t<meta name=\"twitter:data1\" content=\"1 minute\" \/>\n<script type=\"application\/ld+json\" class=\"yoast-schema-graph\">{\"@context\":\"https:\/\/schema.org\",\"@graph\":[{\"@type\":\"WebPage\",\"@id\":\"https:\/\/interfruit.com.br\/produtos\/mamao-formosa\/\",\"url\":\"https:\/\/interfruit.com.br\/produtos\/mamao-formosa\/\",\"name\":\"Mam\u00e3o Formosa: fatos e curiosidades sobre a variedade - Interfruit\",\"isPartOf\":{\"@id\":\"https:\/\/interfruit.com.br\/#website\"},\"primaryImageOfPage\":{\"@id\":\"https:\/\/interfruit.com.br\/produtos\/mamao-formosa\/#primaryimage\"},\"image\":{\"@id\":\"https:\/\/interfruit.com.br\/produtos\/mamao-formosa\/#primaryimage\"},\"thumbnailUrl\":\"http:\/\/interfruit.com.br\/wp-content\/uploads\/2021\/02\/Banner-Produtos-Papaya-Formosa.jpg\",\"datePublished\":\"2019-06-21T16:42:42+00:00\",\"dateModified\":\"2021-06-06T19:20:57+00:00\",\"description\":\"O Mam\u00e3o Formosa j\u00e1 conquistou muitos paladares por sua consist\u00eancia e sabor distinto. Conhe\u00e7a fatos e curiosidades sobre o fruto.\",\"breadcrumb\":{\"@id\":\"https:\/\/interfruit.com.br\/produtos\/mamao-formosa\/#breadcrumb\"},\"inLanguage\":\"en-US\",\"potentialAction\":[{\"@type\":\"ReadAction\",\"target\":[\"https:\/\/interfruit.com.br\/produtos\/mamao-formosa\/\"]}]},{\"@type\":\"ImageObject\",\"inLanguage\":\"en-US\",\"@id\":\"https:\/\/interfruit.com.br\/produtos\/mamao-formosa\/#primaryimage\",\"url\":\"http:\/\/interfruit.com.br\/wp-content\/uploads\/2021\/02\/Banner-Produtos-Papaya-Formosa.jpg\",\"contentUrl\":\"http:\/\/interfruit.com.br\/wp-content\/uploads\/2021\/02\/Banner-Produtos-Papaya-Formosa.jpg\",\"width\":1920,\"height\":728},{\"@type\":\"BreadcrumbList\",\"@id\":\"https:\/\/interfruit.com.br\/produtos\/mamao-formosa\/#breadcrumb\",\"itemListElement\":[{\"@type\":\"ListItem\",\"position\":1,\"name\":\"In\u00edcio\",\"item\":\"https:\/\/interfruit.com.br\/en\/\"},{\"@type\":\"ListItem\",\"position\":2,\"name\":\"Products\",\"item\":\"https:\/\/interfruit.com.br\/en\/produtos\/\"},{\"@type\":\"ListItem\",\"position\":3,\"name\":\"Mam\u00e3o Formosa\"}]},{\"@type\":\"WebSite\",\"@id\":\"https:\/\/interfruit.com.br\/#website\",\"url\":\"https:\/\/interfruit.com.br\/\",\"name\":\"Interfruit\",\"description\":\"Papaya specialist\",\"publisher\":{\"@id\":\"https:\/\/interfruit.com.br\/#organization\"},\"potentialAction\":[{\"@type\":\"SearchAction\",\"target\":{\"@type\":\"EntryPoint\",\"urlTemplate\":\"https:\/\/interfruit.com.br\/?s={search_term_string}\"},\"query-input\":{\"@type\":\"PropertyValueSpecification\",\"valueRequired\":true,\"valueName\":\"search_term_string\"}}],\"inLanguage\":\"en-US\"},{\"@type\":\"Organization\",\"@id\":\"https:\/\/interfruit.com.br\/#organization\",\"name\":\"Interfruit\",\"url\":\"https:\/\/interfruit.com.br\/\",\"logo\":{\"@type\":\"ImageObject\",\"inLanguage\":\"en-US\",\"@id\":\"https:\/\/interfruit.com.br\/#\/schema\/logo\/image\/\",\"url\":\"http:\/\/interfruit.com.br\/wp-content\/uploads\/2019\/05\/logo-interfruit.png\",\"contentUrl\":\"http:\/\/interfruit.com.br\/wp-content\/uploads\/2019\/05\/logo-interfruit.png\",\"width\":264,\"height\":72,\"caption\":\"Interfruit\"},\"image\":{\"@id\":\"https:\/\/interfruit.com.br\/#\/schema\/logo\/image\/\"}}]}<\/script>\n<!-- \/ Yoast SEO plugin. -->","yoast_head_json":{"title":"Mam\u00e3o Formosa: fatos e curiosidades sobre a variedade - Interfruit","description":"O Mam\u00e3o Formosa j\u00e1 conquistou muitos paladares por sua consist\u00eancia e sabor distinto. Conhe\u00e7a fatos e curiosidades sobre o fruto.","robots":{"index":"index","follow":"follow","max-snippet":"max-snippet:-1","max-image-preview":"max-image-preview:large","max-video-preview":"max-video-preview:-1"},"canonical":"https:\/\/interfruit.com.br\/produtos\/mamao-formosa\/","og_locale":"en_US","og_type":"article","og_title":"Mam\u00e3o Formosa: fatos e curiosidades sobre a variedade - Interfruit","og_description":"O Mam\u00e3o Formosa j\u00e1 conquistou muitos paladares por sua consist\u00eancia e sabor distinto. Conhe\u00e7a fatos e curiosidades sobre o fruto.","og_url":"https:\/\/interfruit.com.br\/produtos\/mamao-formosa\/","og_site_name":"Interfruit","article_modified_time":"2021-06-06T19:20:57+00:00","og_image":[{"width":1920,"height":728,"url":"https:\/\/interfruit.com.br\/wp-content\/uploads\/2021\/02\/Banner-Produtos-Papaya-Formosa.jpg","type":"image\/jpeg"}],"twitter_card":"summary_large_image","twitter_misc":{"Est. reading time":"1 minute"},"schema":{"@context":"https:\/\/schema.org","@graph":[{"@type":"WebPage","@id":"https:\/\/interfruit.com.br\/produtos\/mamao-formosa\/","url":"https:\/\/interfruit.com.br\/produtos\/mamao-formosa\/","name":"Mam\u00e3o Formosa: fatos e curiosidades sobre a variedade - Interfruit","isPartOf":{"@id":"https:\/\/interfruit.com.br\/#website"},"primaryImageOfPage":{"@id":"https:\/\/interfruit.com.br\/produtos\/mamao-formosa\/#primaryimage"},"image":{"@id":"https:\/\/interfruit.com.br\/produtos\/mamao-formosa\/#primaryimage"},"thumbnailUrl":"http:\/\/interfruit.com.br\/wp-content\/uploads\/2021\/02\/Banner-Produtos-Papaya-Formosa.jpg","datePublished":"2019-06-21T16:42:42+00:00","dateModified":"2021-06-06T19:20:57+00:00","description":"O Mam\u00e3o Formosa j\u00e1 conquistou muitos paladares por sua consist\u00eancia e sabor distinto. Conhe\u00e7a fatos e curiosidades sobre o fruto.","breadcrumb":{"@id":"https:\/\/interfruit.com.br\/produtos\/mamao-formosa\/#breadcrumb"},"inLanguage":"en-US","potentialAction":[{"@type":"ReadAction","target":["https:\/\/interfruit.com.br\/produtos\/mamao-formosa\/"]}]},{"@type":"ImageObject","inLanguage":"en-US","@id":"https:\/\/interfruit.com.br\/produtos\/mamao-formosa\/#primaryimage","url":"http:\/\/interfruit.com.br\/wp-content\/uploads\/2021\/02\/Banner-Produtos-Papaya-Formosa.jpg","contentUrl":"http:\/\/interfruit.com.br\/wp-content\/uploads\/2021\/02\/Banner-Produtos-Papaya-Formosa.jpg","width":1920,"height":728},{"@type":"BreadcrumbList","@id":"https:\/\/interfruit.com.br\/produtos\/mamao-formosa\/#breadcrumb","itemListElement":[{"@type":"ListItem","position":1,"name":"In\u00edcio","item":"https:\/\/interfruit.com.br\/en\/"},{"@type":"ListItem","position":2,"name":"Products","item":"https:\/\/interfruit.com.br\/en\/produtos\/"},{"@type":"ListItem","position":3,"name":"Mam\u00e3o Formosa"}]},{"@type":"WebSite","@id":"https:\/\/interfruit.com.br\/#website","url":"https:\/\/interfruit.com.br\/","name":"Interfruit","description":"Papaya specialist","publisher":{"@id":"https:\/\/interfruit.com.br\/#organization"},"potentialAction":[{"@type":"SearchAction","target":{"@type":"EntryPoint","urlTemplate":"https:\/\/interfruit.com.br\/?s={search_term_string}"},"query-input":{"@type":"PropertyValueSpecification","valueRequired":true,"valueName":"search_term_string"}}],"inLanguage":"en-US"},{"@type":"Organization","@id":"https:\/\/interfruit.com.br\/#organization","name":"Interfruit","url":"https:\/\/interfruit.com.br\/","logo":{"@type":"ImageObject","inLanguage":"en-US","@id":"https:\/\/interfruit.com.br\/#\/schema\/logo\/image\/","url":"http:\/\/interfruit.com.br\/wp-content\/uploads\/2019\/05\/logo-interfruit.png","contentUrl":"http:\/\/interfruit.com.br\/wp-content\/uploads\/2019\/05\/logo-interfruit.png","width":264,"height":72,"caption":"Interfruit"},"image":{"@id":"https:\/\/interfruit.com.br\/#\/schema\/logo\/image\/"}}]}},"_links":{"self":[{"href":"http:\/\/interfruit.com.br\/en\/wp-json\/wp\/v2\/pages\/145","targetHints":{"allow":["GET"]}}],"collection":[{"href":"http:\/\/interfruit.com.br\/en\/wp-json\/wp\/v2\/pages"}],"about":[{"href":"http:\/\/interfruit.com.br\/en\/wp-json\/wp\/v2\/types\/page"}],"author":[{"embeddable":true,"href":"http:\/\/interfruit.com.br\/en\/wp-json\/wp\/v2\/users\/1"}],"replies":[{"embeddable":true,"href":"http:\/\/interfruit.com.br\/en\/wp-json\/wp\/v2\/comments?post=145"}],"version-history":[{"count":0,"href":"http:\/\/interfruit.com.br\/en\/wp-json\/wp\/v2\/pages\/145\/revisions"}],"up":[{"embeddable":true,"href":"http:\/\/interfruit.com.br\/en\/wp-json\/wp\/v2\/pages\/13"}],"wp:featuredmedia":[{"embeddable":true,"href":"http:\/\/interfruit.com.br\/en\/wp-json\/wp\/v2\/media\/604"}],"wp:attachment":[{"href":"http:\/\/interfruit.com.br\/en\/wp-json\/wp\/v2\/media?parent=145"}],"curies":[{"name":"wp","href":"https:\/\/api.w.org\/{rel}","templated":true}]}}